{"id":17,"date":"2021-01-26T18:06:35","date_gmt":"2021-01-26T17:06:35","guid":{"rendered":"http:\/\/quantact.io\/?post_type=product&#038;p=17"},"modified":"2021-01-28T11:00:26","modified_gmt":"2021-01-28T10:00:26","slug":"quantact-max","status":"publish","type":"product","link":"http:\/\/quantact.io\/index.php\/produit\/quantact-max\/","title":{"rendered":"Quantact Max"},"content":{"rendered":"","protected":false},"excerpt":{"rendered":"<p>Cette balise vous permet de connaitre la position de vos affaires en int\u00e9rieur comme en ext\u00e9rieur avec une autonomie allant jusqu&#8217;\u00e0 6 mois.<\/p>\n","protected":false},"featured_media":19,"comment_status":"open","ping_status":"closed","template":"","meta":[],"_links":{"self":[{"href":"http:\/\/quantact.io\/index.php\/wp-json\/wp\/v2\/product\/17"}],"collection":[{"href":"http:\/\/quantact.io\/index.php\/wp-json\/wp\/v2\/product"}],"about":[{"href":"http:\/\/quantact.io\/index.php\/wp-json\/wp\/v2\/types\/product"}],"replies":[{"embeddable":true,"href":"http:\/\/quantact.io\/index.php\/wp-json\/wp\/v2\/comments?post=17"}],"wp:featuredmedia":[{"embeddable":true,"href":"http:\/\/quantact.io\/index.php\/wp-json\/wp\/v2\/media\/19"}],"wp:attachment":[{"href":"http:\/\/quantact.io\/index.php\/wp-json\/wp\/v2\/media?parent=17"}],"curies":[{"name":"wp","href":"https:\/\/api.w.org\/{rel}","templated":true}]}}