{"id":120,"date":"2021-01-28T15:16:07","date_gmt":"2021-01-28T14:16:07","guid":{"rendered":"http:\/\/quantact.io\/?page_id=120"},"modified":"2021-01-28T17:15:36","modified_gmt":"2021-01-28T16:15:36","slug":"mentions-legales","status":"publish","type":"page","link":"http:\/\/quantact.io\/index.php\/mentions-legales\/","title":{"rendered":"CGV"},"content":{"rendered":"\n<p>Les pr\u00e9sentes conditions de vente sont conclues d\u2019une part par la soci\u00e9t\u00e9 CARBON SILICA, d\u00e9nomm\u00e9e ci-apr\u00e8s \u00ab&nbsp;le vendeur&nbsp;\u00bb, dont le si\u00e8ge social est situ\u00e9 \u00e0 11 zone artisanale Grange Neuve 38790 DIEMOZ, immatricul\u00e9e au Registre du Commerce et des Soci\u00e9t\u00e9s de Vienne sous le num\u00e9ro 85227079200017 ci-apr\u00e8s d\u00e9nomm\u00e9e \u00ab&nbsp;CARBON SILICA&nbsp;\u00bb et g\u00e9rant le site www.quantact.io et, d\u2019autre part, par toute personne physique ou morale souhaitant proc\u00e9der \u00e0 un achat via le site internet www.quantact.io d\u00e9nomm\u00e9e ci-apr\u00e8s \u00ab&nbsp;l\u2019acheteur&nbsp;\u00bb.<\/p>\n\n\n\n<p><strong>Article 1. Objet<\/strong><\/p>\n\n\n\n<p>Les pr\u00e9sentes conditions de vente visent \u00e0 d\u00e9finir les relations contractuelles entre CARBON SILICA et l\u2019acheteur et les conditions applicables \u00e0 tout achat effectu\u00e9 par le biais du site internet www.quantact.io. L\u2019acquisition d\u2019un produit \u00e0 travers le pr\u00e9sent site implique une acceptation sans r\u00e9serve par l\u2019acheteur des pr\u00e9sentes conditions de vente dont l\u2019acheteur reconna\u00eet avoir pris connaissance pr\u00e9alablement \u00e0 sa commande. Avant toute transaction, l\u2019acheteur d\u00e9clare d\u2019une part que l\u2019achat de produits sur le site www.quantact.io est sans rapport direct avec son activit\u00e9 professionnelle et est limit\u00e9 \u00e0 une utilisation strictement personnelle et d\u2019autre part avoir la pleine capacit\u00e9 juridique, lui permettant de s\u2019engager au titre des pr\u00e9sentes conditions g\u00e9n\u00e9rales de ventes.<\/p>\n\n\n\n<p>La soci\u00e9t\u00e9 CARBON SILICA conserve la possibilit\u00e9 de modifier \u00e0 tout moment ces conditions de ventes, afin de respecter toute nouvelle r\u00e9glementation ou dans le but d\u2019am\u00e9liorer l\u2019utilisation de son site. De ce fait, les conditions applicables seront celles en vigueur \u00e0 la date de la commande par l\u2019acheteur.<\/p>\n\n\n\n<p><strong>Article 2. Produits<\/strong><\/p>\n\n\n\n<p>Les produits propos\u00e9s sont ceux qui figurent sur le site www.quantact.io de la soci\u00e9t\u00e9 CARBON SILICA, dans la limite des stocks disponibles qui sont actualis\u00e9s tous les jours. La soci\u00e9t\u00e9 CARBON SILICA se r\u00e9serve le droit de modifier \u00e0 tout moment l\u2019assortiment des produits. Chaque produit est pr\u00e9sent\u00e9 sur le site internet sous forme d\u2019un descriptif reprenant ses principales caract\u00e9ristiques techniques . Les photographies sont les plus fid\u00e8les possibles mais n\u2019engagent en rien le vendeur.<\/p>\n\n\n\n<p><strong>Article 3. Tarifs<\/strong><\/p>\n\n\n\n<p>Les prix figurant sur les fiches produits du catalogue internet et sont des prix en Euros (\u20ac) toutes taxes comprises (TTC) tenant compte de la TVA applicable au jour de la commande. Tout changement du taux de la TVA pourra \u00eatre r\u00e9percut\u00e9 sur le prix des produits. La soci\u00e9t\u00e9  CARBON SILICA se r\u00e9serve le droit de modifier ses prix \u00e0 tout moment, \u00e9tant toutefois entendu que le prix figurant au catalogue le jour de la commande sera le seul applicable \u00e0 l\u2019acheteur. Les prix indiqu\u00e9s ne comprennent pas les frais de livraison, factur\u00e9s en suppl\u00e9ment du prix des produits achet\u00e9s.<\/p>\n\n\n\n<p><strong>Article 4. Commande et modalit\u00e9s de paiement<\/strong><\/p>\n\n\n\n<p>Avant toute commande, l\u2019acheteur doit cr\u00e9er un compte sur le site www.quantact.io. La rubrique de cr\u00e9ation de compte est accessible directement depuis la barre de menu en haut ou lors de la validation de la commande. A chaque visite, l\u2019acheteur, s\u2019il souhaite commander ou consulter son compte (\u00e9tat des commandes, profil\u2026), devra s\u2019identifier \u00e0 l\u2019aide de ses informations. La soci\u00e9t\u00e9 CARBON SILICA propose \u00e0 l\u2019acheteur de commander et r\u00e9gler ses produits en plusieurs \u00e9tapes, avec PAYPAL \/ Carte bancaire comme moyen de paiement.<\/p>\n\n\n\n<p><strong>Paiement s\u00e9curis\u00e9 par Paypal ou carte bancaire (via le syst\u00e8me PAYPAL) :<\/strong>&nbsp;l\u2019acheteur s\u00e9lectionne les produits qu\u2019il souhaite commander dans le \u00ab panier \u00bb, modifie si besoin (quantit\u00e9s, r\u00e9f\u00e9rences\u2026), v\u00e9rifie l\u2019adresse de livraison ou en renseigne une nouvelle. Puis, les frais de port sont calcul\u00e9s et soumis \u00e0 l\u2019acheteur, ainsi que le moyen de livraison. Ensuite, l\u2019acheteur choisit le mode de paiement de son choix : \u00ab Paiement par Paypal \u00bb. L\u2019\u00e9tape suivante lui propose de v\u00e9rifier l\u2019ensemble des informations puis l\u2019invite \u00e0 valider sa commande en cliquant sur le bouton \u00ab Confirmer ma commande \u00bb. Enfin, l\u2019acheteur est redirig\u00e9 sur l\u2019interface s\u00e9curis\u00e9e PAYPAL afin de renseigner en toute s\u00e9curit\u00e9 ses r\u00e9f\u00e9rences de compte Paypal ou de carte bleue personnelle. Si le paiement est accept\u00e9, la commande est enregistr\u00e9e et le contrat d\u00e9finitivement form\u00e9. Le paiement par compte Paypal ou par carte bancaire est irr\u00e9vocable. En cas d\u2019utilisation frauduleuse de celle-ci, l\u2019acheteur pourra exiger l\u2019annulation du paiement par carte, les sommes vers\u00e9es seront alors recr\u00e9dit\u00e9es ou restitu\u00e9es. La responsabilit\u00e9 du titulaire d\u2019une carte bancaire n\u2019est pas engag\u00e9e si le paiement contest\u00e9 a \u00e9t\u00e9 prouv\u00e9 effectu\u00e9 frauduleusement, \u00e0 distance, sans utilisation physique de sa carte. Pour obtenir le remboursement du d\u00e9bit frauduleux et des \u00e9ventuels frais bancaires que l\u2019op\u00e9ration a pu engendrer, le porteur de la carte doit contester, par \u00e9crit, le pr\u00e9l\u00e8vement aupr\u00e8s de sa banque, dans les 70 jours suivant l\u2019op\u00e9ration, voire 120 jours si le contrat le liant \u00e0 celle-ci le pr\u00e9voit. Les montants pr\u00e9lev\u00e9s sont rembours\u00e9s par la banque dans un d\u00e9lai maximum d\u2019un mois apr\u00e8s r\u00e9ception de la contestation \u00e9crite form\u00e9e par le porteur. Aucun frais de restitution des sommes ne pourra \u00eatre mis \u00e0 la charge du titulaire.<\/p>\n\n\n\n<p>La confirmation d\u2019une commande entra\u00eene acceptation des pr\u00e9sentes conditions de vente, la reconnaissance d\u2019en avoir parfaite connaissance et la renonciation \u00e0 se pr\u00e9valoir de ses propres conditions d\u2019achat. L\u2019ensemble des donn\u00e9es fournies et la confirmation enregistr\u00e9e vaudront preuve de la transaction. Si l\u2019acheteur poss\u00e8de une adresse \u00e9lectronique et s\u2019il l\u2019a renseign\u00e9e sur son bon de commande, la soci\u00e9t\u00e9 CARBON SILICA lui communiquera par courrier \u00e9lectronique la confirmation de l\u2019enregistrement de sa commande.<\/p>\n\n\n\n<p>Si l\u2019acheteur souhaite contacter la soci\u00e9t\u00e9 CARBON SILICA, il peut le faire soit par courrier \u00e0 l\u2019adresse suivante : CARBON SILICA 11 zone artisanale Grange Neuve 38790 DIEMOZ ; soit par email \u00e0 l\u2019adresse suivante : contact@carbonsilica.com<\/p>\n\n\n\n<p><strong>Article 5. R\u00e9serve de propri\u00e9t\u00e9<\/strong><\/p>\n\n\n\n<p>La soci\u00e9t\u00e9 CARBON SILICA conserve la propri\u00e9t\u00e9 pleine et enti\u00e8re des produits vendus jusqu\u2019au parfait encaissement du prix, en principal, frais et taxes compris.<\/p>\n\n\n\n<p><strong>Article 6. R\u00e9tractation<\/strong><\/p>\n\n\n\n<p>En vertu de l\u2019article L121-20 du Code de la consommation, l\u2019acheteur dispose d\u2019un d\u00e9lai de quatorze jours ouvrables \u00e0 compter de la livraison de leur commande pour exercer son droit de r\u00e9tractation et ainsi faire retour du produit au vendeur pour \u00e9change ou remboursement sans p\u00e9nalit\u00e9, \u00e0 l\u2019exception des frais de retour.<\/p>\n\n\n\n<p>En cas de d\u00e9pr\u00e9ciation du produit r\u00e9sultant de manipulations autres que celles n\u00e9cessaires pour \u00e9tablir la nature et les caract\u00e9ristiques du produit, la responsabilit\u00e9 de l\u2019acheteur peut \u00eatre engag\u00e9e. L\u2019acheteur peut perdre son droit de r\u00e9tractation et le produit lui sera retourn\u00e9 \u00e0 ses frais.<\/p>\n\n\n\n<p>L\u2019acheteur peut exercer son droit de r\u00e9tractation par mail \u00e0 contact@carbonsilica.com. Le vendeur proc\u00e9dera au remboursement des sommes vers\u00e9es au plus tard 14 jours apr\u00e8s r\u00e9ception et contr\u00f4le du produit.<\/p>\n\n\n\n<p><strong>Article 7. Livraison<\/strong><\/p>\n\n\n\n<p>Les livraisons sont faites \u00e0 l\u2019adresse indiqu\u00e9e sur le bon de commande qui ne peut \u00eatre que dans la zone g\u00e9ographique convenue. Les commandes sont effectu\u00e9es par La Poste via Lettre Suivie, COLISSIMO ou Mondial Relay, services de livraison avec suivi, en point relais ou non. Les d\u00e9lais de livraison ne sont donn\u00e9s qu\u2019\u00e0 titre indicatif ; si ceux-ci d\u00e9passent trente jours \u00e0 compter de la commande, le contrat de vente pourra \u00eatre r\u00e9sili\u00e9 et l\u2019acheteur rembours\u00e9. La soci\u00e9t\u00e9 CARBON SILICA pourra fournir dans l\u2019espace personnel \/ Commandes sur le site www.quantact.io ou par e-mail \u00e0 l\u2019acheteur le num\u00e9ro de suivi de son colis. Dans le cas d\u2019une livraison par Lettre Suivie ou Colissimo, l\u2019acheteur est livr\u00e9 \u00e0 son domicile par son facteur. En cas d\u2019absence de l\u2019acheteur, il recevra un avis de passage de son facteur, ce qui lui permet de retirer les produits command\u00e9s au bureau de Poste le plus proche, pendant un d\u00e9lai indiqu\u00e9 par les services postaux. Dans le cas de l\u2019option Mondial Relay, apr\u00e8s paiement de la commande, le point relais sera d\u00e9fini entre l\u2019acheteur et&nbsp;La soci\u00e9t\u00e9 CARBON SILICA par mail de pr\u00e9f\u00e9rence dans un souci de tra\u00e7abilit\u00e9. Les risques li\u00e9s au transport sont \u00e0 la charge de l\u2019acqu\u00e9reur \u00e0 compter du moment o\u00f9 les articles quittent les locaux de la soci\u00e9t\u00e9 CARBON SILICA. L\u2019acheteur est tenu de v\u00e9rifier en pr\u00e9sence du pr\u00e9pos\u00e9 de La Poste ou du livreur, l\u2019\u00e9tat de l\u2019emballage de la marchandise et son contenu \u00e0 la livraison. En cas de dommage pendant le transport, toute protestation doit \u00eatre effectu\u00e9e aupr\u00e8s du transporteur dans un d\u00e9lai de trois jours \u00e0 compter de la livraison.<\/p>\n\n\n\n<p><strong>Article 8. Garantie<\/strong><\/p>\n\n\n\n<p>Tous les produits fournis par la soci\u00e9t\u00e9 CARBON SILICA b\u00e9n\u00e9ficient de la garantie l\u00e9gale pr\u00e9vue par les articles 1641 et suivants du Code civil. En cas de non conformit\u00e9 d\u2019un produit vendu, il pourra \u00eatre retourn\u00e9 \u00e0 la soci\u00e9t\u00e9 CARBON SILICA qui le reprendra, l\u2019\u00e9changera ou le remboursera. Toutes les r\u00e9clamations, demandes d\u2019\u00e9change ou de remboursement doivent s\u2019effectuer par voie postale \u00e0 l\u2019adresse suivante : CARBON SILICA 11 zone artisanale Grange Neuve 38790 DIEMOZ, dans un d\u00e9lai de trente jours apr\u00e8s livraison.<\/p>\n\n\n\n<p><strong>Article 9. Responsabilit\u00e9<\/strong><\/p>\n\n\n\n<p>La soci\u00e9t\u00e9 CARBON SILICA, dans le processus de vente \u00e0 distance, n\u2019est tenue que par une obligation de moyens. Sa responsabilit\u00e9 ne pourra \u00eatre engag\u00e9e pour un dommage r\u00e9sultant de l\u2019utilisation du r\u00e9seau Internet tel que perte de donn\u00e9es, intrusion, virus, rupture du service, ou autres probl\u00e8mes involontaires.<\/p>\n\n\n\n<p><strong>Article 10. Propri\u00e9t\u00e9 intellectuelle<\/strong><\/p>\n\n\n\n<p>Tous les \u00e9l\u00e9ments du site www.quantact.io sont et restent la propri\u00e9t\u00e9 intellectuelle et exclusive de la soci\u00e9t\u00e9 CARBON SILICA. Personne n\u2019est autoris\u00e9 \u00e0 reproduire, exploiter, ou utiliser \u00e0 quelque titre que ce soit, m\u00eame partiellement, des \u00e9l\u00e9ments du site qu\u2019ils soient sous forme de photo, logo, visuel ou texte.<\/p>\n\n\n\n<p><strong>Article 11. Donn\u00e9es \u00e0 caract\u00e8re personnel<\/strong><\/p>\n\n\n\n<p>La soci\u00e9t\u00e9 CARBON SILICA s\u2019engage \u00e0 pr\u00e9server la confidentialit\u00e9 des informations fournies par l\u2019acheteur, qu\u2019il serait amen\u00e9 \u00e0 transmettre pour l\u2019utilisation de certains services de livraison. Toute information le concernant est soumise aux dispositions de la loi n\u00b0 78-17 du 6 janvier 1978. A ce titre, l\u2019internaute dispose d\u2019un droit d\u2019acc\u00e8s, de modification et de suppression des informations le concernant. Il peut en faire la demande \u00e0 tout moment par courrier \u00e0 l\u2019adresse suivante :<br>CARBON SILICA 11 zone artisanale Grange Neuve 38790 DIEMOZ<br>Cette demande doit \u00eatre sign\u00e9e et accompagn\u00e9e de la photocopie d\u2019un justificatif d\u2019identit\u00e9 portant la signature de&nbsp;l\u2019acheteur.<\/p>\n\n\n\n<p><strong>Article 12. R\u00e8glement des litiges<\/strong><\/p>\n\n\n\n<p>Les pr\u00e9sentes conditions de vente \u00e0 distance sont soumises \u00e0 la loi fran\u00e7aise et r\u00e9dig\u00e9es en fran\u00e7ais.<\/p>\n\n\n\n<p>Pour toute r\u00e9clamation, vous pouvez contacter le vendeur par mail \u00e0 contact@carbonsilica.com.<\/p>\n\n\n\n<p>En cas de difficult\u00e9, l\u2019acheteur contactera en priorit\u00e9 le vendeur pour chercher une solution amiable.<\/p>\n\n\n\n<p>Pour tous litiges ou contentieux, le Tribunal comp\u00e9tent sera soit celui du lieu de domicile de l\u2019acheteur, soit les tribunaux fran\u00e7ais.<\/p>\n","protected":false},"excerpt":{"rendered":"<p>Les pr\u00e9sentes conditions de vente sont conclues d\u2019une part par la soci\u00e9t\u00e9 CARBON SILICA, d\u00e9nomm\u00e9e ci-apr\u00e8s \u00ab&nbsp;le vendeur&nbsp;\u00bb, dont le si\u00e8ge social est situ\u00e9 \u00e0 11 zone artisanale Grange Neuve 38790 DIEMOZ, immatricul\u00e9e au Registre du Commerce et des Soci\u00e9t\u00e9s de Vienne sous le num\u00e9ro 85227079200017 ci-apr\u00e8s d\u00e9nomm\u00e9e \u00ab&nbsp;CARBON SILICA&nbsp;\u00bb et g\u00e9rant le site www.quantact.io [&hellip;]<\/p>\n","protected":false},"author":1,"featured_media":0,"parent":0,"menu_order":0,"comment_status":"closed","ping_status":"closed","template":"","meta":[],"_links":{"self":[{"href":"http:\/\/quantact.io\/index.php\/wp-json\/wp\/v2\/pages\/120"}],"collection":[{"href":"http:\/\/quantact.io\/index.php\/wp-json\/wp\/v2\/pages"}],"about":[{"href":"http:\/\/quantact.io\/index.php\/wp-json\/wp\/v2\/types\/page"}],"author":[{"embeddable":true,"href":"http:\/\/quantact.io\/index.php\/wp-json\/wp\/v2\/users\/1"}],"replies":[{"embeddable":true,"href":"http:\/\/quantact.io\/index.php\/wp-json\/wp\/v2\/comments?post=120"}],"version-history":[{"count":5,"href":"http:\/\/quantact.io\/index.php\/wp-json\/wp\/v2\/pages\/120\/revisions"}],"predecessor-version":[{"id":131,"href":"http:\/\/quantact.io\/index.php\/wp-json\/wp\/v2\/pages\/120\/revisions\/131"}],"wp:attachment":[{"href":"http:\/\/quantact.io\/index.php\/wp-json\/wp\/v2\/media?parent=120"}],"curies":[{"name":"wp","href":"https:\/\/api.w.org\/{rel}","templated":true}]}}